{"id":3752,"date":"2025-12-08T15:18:27","date_gmt":"2025-12-08T15:18:27","guid":{"rendered":"https:\/\/malersnekker.no\/?page_id=3752"},"modified":"2026-02-12T22:36:25","modified_gmt":"2026-02-12T22:36:25","slug":"blogg","status":"publish","type":"page","link":"https:\/\/malersnekker.no\/en\/blogg\/","title":{"rendered":"Blog"},"content":{"rendered":"<div data-elementor-type=\"wp-page\" data-elementor-id=\"3752\" class=\"elementor elementor-3752\" data-elementor-post-type=\"page\">\n\t\t\t\t\t\t<section class=\"wd-negative-gap elementor-section elementor-top-section elementor-element elementor-element-37c7557e elementor-section-boxed elementor-section-height-default elementor-section-height-default\" data-id=\"37c7557e\" data-element_type=\"section\" data-e-type=\"section\">\n\t\t\t\t\t\t<div class=\"elementor-container elementor-column-gap-default\">\n\t\t\t\t\t<div class=\"elementor-column elementor-col-100 elementor-top-column elementor-element elementor-element-3eda2a9\" data-id=\"3eda2a9\" data-element_type=\"column\" data-e-type=\"column\">\n\t\t\t<div class=\"elementor-widget-wrap elementor-element-populated\">\n\t\t\t\t\t\t<div class=\"elementor-element elementor-element-4a9476b wd-width-100 elementor-widget elementor-widget-wd_blog\" data-id=\"4a9476b\" data-element_type=\"widget\" data-e-type=\"widget\" data-widget_type=\"wd_blog.default\">\n\t\t\t\t<div class=\"elementor-widget-container\">\n\t\t\t\t\t\t\t\t\t\t\t\t<div class=\"wd-blog-element\">\n\t\t\t\t\t<div class=\"wd-posts wd-blog-holder wd-masonry wd-grid-f-col\" id=\"69dd00968e38c\" data-paged=\"1\" data-atts=\"{&quot;post_type&quot;:&quot;post&quot;,&quot;items_per_page&quot;:12,&quot;include&quot;:null,&quot;taxonomies&quot;:&quot;&quot;,&quot;offset&quot;:&quot;&quot;,&quot;orderby&quot;:&quot;rand&quot;,&quot;order&quot;:&quot;ASC&quot;,&quot;meta_key&quot;:null,&quot;exclude&quot;:&quot;&quot;,&quot;parts_media&quot;:true,&quot;parts_title&quot;:&quot;1&quot;,&quot;parts_meta&quot;:&quot;&quot;,&quot;parts_text&quot;:&quot;1&quot;,&quot;parts_btn&quot;:&quot;1&quot;,&quot;img_size&quot;:&quot;full&quot;,&quot;blog_design&quot;:&quot;mask&quot;,&quot;blog_carousel_design&quot;:null,&quot;blog_columns&quot;:{&quot;unit&quot;:&quot;px&quot;,&quot;size&quot;:3,&quot;sizes&quot;:[]},&quot;blog_columns_tablet&quot;:{&quot;size&quot;:&quot;&quot;},&quot;blog_columns_mobile&quot;:{&quot;size&quot;:&quot;&quot;},&quot;blog_spacing&quot;:&quot;20&quot;,&quot;blog_spacing_tablet&quot;:&quot;&quot;,&quot;blog_spacing_mobile&quot;:&quot;&quot;,&quot;pagination&quot;:&quot;&quot;,&quot;speed&quot;:null,&quot;slides_per_view&quot;:null,&quot;slides_per_view_tablet&quot;:{&quot;size&quot;:&quot;&quot;},&quot;slides_per_view_mobile&quot;:{&quot;size&quot;:&quot;&quot;},&quot;wrap&quot;:null,&quot;autoplay&quot;:null,&quot;hide_pagination_control&quot;:null,&quot;hide_prev_next_buttons&quot;:null,&quot;scroll_per_page&quot;:null,&quot;lazy_loading&quot;:&quot;no&quot;,&quot;scroll_carousel_init&quot;:null,&quot;ajax_page&quot;:&quot;&quot;,&quot;custom_sizes&quot;:false,&quot;elementor&quot;:true}\" data-source=\"shortcode\" style=\"--wd-col-lg:3;--wd-col-md:3;--wd-col-sm:1;--wd-gap-lg:20px;--wd-gap-sm:10px;\">\n\t\t\t\n\t\t\t\t\t\t\t\t\t\t\t\t\t\t\n<article id=\"post-3776\" class=\"wd-post blog-design-mask blog-post-loop blog-style-flat wd-col post-3776 post type-post status-publish format-standard has-post-thumbnail hentry category-handverk\">\n\t<div class=\"article-inner\">\n\t\t<header class=\"entry-header\">\n\t\t\t\t\t\t\t<figure class=\"entry-thumbnail\">\n\t\t\t\t\t\t\t\t\t\t\t<div class=\"post-img-wrapp\">\n\t\t\t\t\t\t\t<a href=\"https:\/\/malersnekker.no\/en\/profesjonell-malersnekker-handverk-og-kvalitet\/\">\n\t\t\t\t\t\t\t\t<img fetchpriority=\"high\" decoding=\"async\" width=\"1560\" height=\"1170\" src=\"https:\/\/malersnekker.no\/wp-content\/uploads\/2025\/12\/IMG_8834.jpg\" class=\"attachment-full size-full\" alt=\"\" srcset=\"https:\/\/malersnekker.no\/wp-content\/uploads\/2025\/12\/IMG_8834.jpg 1560w, https:\/\/malersnekker.no\/wp-content\/uploads\/2025\/12\/IMG_8834-300x225.jpg 300w, https:\/\/malersnekker.no\/wp-content\/uploads\/2025\/12\/IMG_8834-1024x768.jpg 1024w, https:\/\/malersnekker.no\/wp-content\/uploads\/2025\/12\/IMG_8834-768x576.jpg 768w, https:\/\/malersnekker.no\/wp-content\/uploads\/2025\/12\/IMG_8834-1536x1152.jpg 1536w, https:\/\/malersnekker.no\/wp-content\/uploads\/2025\/12\/IMG_8834-16x12.jpg 16w\" sizes=\"(max-width: 1560px) 100vw, 1560px\" \/>\t\t\t\t\t\t\t<\/a>\n\t\t\t\t\t\t<\/div>\n\t\t\t\t\t\t<div class=\"post-image-mask\">\n\t\t\t\t\t\t\t<span><\/span>\n\t\t\t\t\t\t<\/div>\n\t\t\t\t\t\t\t\t\t<\/figure>\n\t\t\t\n\t\t\t\t\t\t<div class=\"wd-post-date wd-style-with-bg\">\n\t\t\t\t<span class=\"post-date-day\">\n\t\t\t\t\t08\t\t\t\t<\/span>\n\t\t\t\t<span class=\"post-date-month\">\n\t\t\t\t\tDec\t\t\t\t<\/span>\n\t\t\t<\/div>\n\t\t\t\t<\/header>\n\n\t\t<div class=\"article-body-container\">\n\t\t\t\n\t\t\t\t\t\t\t<h3 class=\"wd-entities-title title post-title\">\n\t\t\t\t\t<a href=\"https:\/\/malersnekker.no\/en\/profesjonell-malersnekker-handverk-og-kvalitet\/\" rel=\"bookmark\">Professional carpenter \u2013 Craftsmanship and quality in every detail<\/a>\n\t\t\t\t<\/h3>\n\t\t\t\n\t\t\t\n\t\t\t\t\t\t\t\t\t\t\t\t<div class=\"entry-content wd-post-desc\">\n\t\t\t\t\t\tN\u00e5r du skal pusse opp hjemmet eller trenger skreddersydde m\u00f8bler, er det viktig \u00e5 velge en fagmann som kombinerer tradisjonelt h\u00e5ndverk...\t\t\t\t\t<\/div>\n\t\t\t\t\n\t\t\t\t\t\t\t\t\t\t\t\t\t\t<p class=\"read-more-section\">\n\t\t\t\t\t\t<a class=\"btn-read-more more-link\" href=\"https:\/\/malersnekker.no\/en\/profesjonell-malersnekker-handverk-og-kvalitet\/\">Continue reading<\/a>\t\t\t\t\t<\/p>\n\t\t\t\t\t\t\t\t\t\t\t\t\t<\/div>\n\t<\/div>\n<\/article>\n\n\t\t\t\t\n\t\t\t\t\t\t\t\t<\/div>\n\t\t\t\n\t\t\t\t\t\t\t\t\t\t<\/div>\n\t\t\t\t\t\t\t\t\t\t<\/div>\n\t\t\t\t<\/div>\n\t\t\t\t<div class=\"elementor-element elementor-element-589f278 elementor-widget elementor-widget-wd_text_block\" data-id=\"589f278\" data-element_type=\"widget\" data-e-type=\"widget\" data-widget_type=\"wd_text_block.default\">\n\t\t\t\t<div class=\"elementor-widget-container\">\n\t\t\t\t\t\t\t<div class=\"wd-text-block reset-last-child text-left\">\n\t\t\t\n\t\t\t<p data-path-to-node=\"11\"><b data-path-to-node=\"11\" data-index-in-node=\"0\"> Blogg: Tips om oppussing og maling fra Nordika AS<\/b><\/p><p data-path-to-node=\"12\">Velkommen til v\u00e5r blogg! Her deler vi i <b data-path-to-node=\"12\" data-index-in-node=\"40\">Nordika AS<\/b> v\u00e5r lidenskap for h\u00e5ndverk og gir deg <b data-path-to-node=\"12\" data-index-in-node=\"89\">tips om oppussing og maling<\/b>. Enten du planlegger \u00e5 fornye stuen, male husfasaden eller totalrenovere badet, \u00f8nsker vi \u00e5 hjelpe deg med inspirasjon og profesjonelle r\u00e5d.<\/p><p data-path-to-node=\"13\">Som din lokale maler og snekker i omr\u00e5der som <b data-path-to-node=\"13\" data-index-in-node=\"46\">Oslo, Gj\u00f8vik, Lillehammer og Valdres<\/b>, ser vi ofte de samme utfordringene. Derfor har vi samlet v\u00e5re beste erfaringer p\u00e5 ett sted.<\/p><h4 data-path-to-node=\"14\">Hva kan du lese om her?<\/h4><ul data-path-to-node=\"15\"><li><p data-path-to-node=\"15,0,0\"><b data-path-to-node=\"15,0,0\" data-index-in-node=\"0\">Maling og overflatebehandling:<\/b> Hvordan velge riktig farge og type maling til b\u00e5de innvendig og utvendig bruk.<\/p><\/li><li><p data-path-to-node=\"15,1,0\"><b data-path-to-node=\"15,1,0\" data-index-in-node=\"0\">Snekkerarbeid og t\u00f8mring:<\/b> Alt fra montering av lister til st\u00f8rre konstruksjoner og rehabilitering.<\/p><\/li><li><p data-path-to-node=\"15,2,0\"><b data-path-to-node=\"15,2,0\" data-index-in-node=\"0\">FDV-dokumentasjon:<\/b> Hvorfor FDV er viktig for din bolig og hvordan vi i Nordika AS sikrer at alt papirarbeid er i orden etter endt oppdrag.<\/p><\/li><li><p data-path-to-node=\"15,3,0\"><b data-path-to-node=\"15,3,0\" data-index-in-node=\"0\">Baderom og v\u00e5trom:<\/b> Tips til trygg oppussing av v\u00e5trom i henhold til norske standarder.<\/p><\/li><\/ul><h4 data-path-to-node=\"16\">Profesjonell kvalitet i hvert prosjekt<\/h4><p data-path-to-node=\"17\">Vi i Nordika AS mener at god kommunikasjon er n\u00f8kkelen til et vellykket resultat. Ved \u00e5 dele disse artiklene, h\u00e5per vi \u00e5 gi deg tryggheten du trenger f\u00f8r du starter ditt neste prosjekt. Vi legger stor vekt p\u00e5 detaljer, ryddighet og selvf\u00f8lgelig levering av korrekt <b data-path-to-node=\"17\" data-index-in-node=\"265\">FDV-mappe<\/b> til v\u00e5re kunder.<\/p><p data-path-to-node=\"18\">Har du et konkret sp\u00f8rsm\u00e5l om et prosjekt i Oslo eller omegn? <a class=\"ng-star-inserted\" href=\"https:\/\/www.google.com\/url?sa=E&amp;source=gmail&amp;q=https:\/\/www.malersnekker.no\/kontakt\" target=\"_blank\" rel=\"noopener\" data-hveid=\"0\" data-ved=\"0CAAQ_4QMahgKEwi7royS8NSSAxUAAAAAHQAAAAAQyQM\">Kontakt oss for en gratis befaring<\/a> i dag, s\u00e5 tar vi en prat om dine planer.<\/p>\n\t\t\t\t\t<\/div>\n\t\t\t\t\t\t<\/div>\n\t\t\t\t<\/div>\n\t\t\t\t\t<\/div>\n\t\t<\/div>\n\t\t\t\t\t<\/div>\n\t\t<\/section>\n\t\t<div class=\"wd-negative-gap elementor-element elementor-element-11387ed e-flex e-con-boxed e-con e-parent\" data-id=\"11387ed\" data-element_type=\"container\" data-e-type=\"container\">\n\t\t\t\t\t<div class=\"e-con-inner\">\n\t\t\t\t\t<\/div>\n\t\t\t\t<\/div>\n\t\t\t\t<\/div>","protected":false},"excerpt":{"rendered":"<p>08 Gru Profesjonell malersnekker \u2013 H\u00e5ndverk og kvalitet i hver detalj N\u00e5r du skal pusse opp hjemmet eller trenger skreddersydde<\/p>","protected":false},"author":1,"featured_media":0,"parent":0,"menu_order":0,"comment_status":"closed","ping_status":"closed","template":"elementor_header_footer","meta":{"footnotes":""},"class_list":["post-3752","page","type-page","status-publish","hentry"],"yoast_head":"<!-- This site is optimized with the Yoast SEO plugin v26.9 - https:\/\/yoast.com\/product\/yoast-seo-wordpress\/ -->\n<title>Blogg \u2013 Tips om oppussing og maling | Nordika AS<\/title>\n<meta name=\"description\" content=\"Lurer du p\u00e5 maling eller oppussing? Nordika AS deler gode tips og r\u00e5d om v\u00e5re prosjekter. Les mer og bli inspirert her.\" \/>\n<meta name=\"robots\" content=\"index, follow, max-snippet:-1, max-image-preview:large, max-video-preview:-1\" \/>\n<link rel=\"canonical\" href=\"https:\/\/malersnekker.no\/en\/blogg\/\" \/>\n<meta property=\"og:locale\" content=\"en_US\" \/>\n<meta property=\"og:type\" content=\"article\" \/>\n<meta property=\"og:title\" content=\"Blogg \u2013 Tips om oppussing og maling | Nordika AS\" \/>\n<meta property=\"og:description\" content=\"Lurer du p\u00e5 maling eller oppussing? Nordika AS deler gode tips og r\u00e5d om v\u00e5re prosjekter. Les mer og bli inspirert her.\" \/>\n<meta property=\"og:url\" content=\"https:\/\/malersnekker.no\/en\/blogg\/\" \/>\n<meta property=\"og:site_name\" content=\"Malersnekker.no\" \/>\n<meta property=\"article:modified_time\" content=\"2026-02-12T22:36:25+00:00\" \/>\n<meta property=\"og:image\" content=\"https:\/\/malersnekker.no\/wp-content\/uploads\/2025\/12\/IMG_8834.jpg\" \/>\n<meta name=\"twitter:card\" content=\"summary_large_image\" \/>\n<meta name=\"twitter:label1\" content=\"Est. reading time\" \/>\n\t<meta name=\"twitter:data1\" content=\"2 minutes\" \/>\n<script type=\"application\/ld+json\" class=\"yoast-schema-graph\">{\"@context\":\"https:\/\/schema.org\",\"@graph\":[{\"@type\":\"WebPage\",\"@id\":\"https:\/\/malersnekker.no\/blogg\/\",\"url\":\"https:\/\/malersnekker.no\/blogg\/\",\"name\":\"Blogg \u2013 Tips om oppussing og maling | Nordika AS\",\"isPartOf\":{\"@id\":\"https:\/\/malersnekker.no\/#website\"},\"primaryImageOfPage\":{\"@id\":\"https:\/\/malersnekker.no\/blogg\/#primaryimage\"},\"image\":{\"@id\":\"https:\/\/malersnekker.no\/blogg\/#primaryimage\"},\"thumbnailUrl\":\"https:\/\/malersnekker.no\/wp-content\/uploads\/2025\/12\/IMG_8834.jpg\",\"datePublished\":\"2025-12-08T15:18:27+00:00\",\"dateModified\":\"2026-02-12T22:36:25+00:00\",\"description\":\"Lurer du p\u00e5 maling eller oppussing? Nordika AS deler gode tips og r\u00e5d om v\u00e5re prosjekter. Les mer og bli inspirert her.\",\"breadcrumb\":{\"@id\":\"https:\/\/malersnekker.no\/blogg\/#breadcrumb\"},\"inLanguage\":\"en-US\",\"potentialAction\":[{\"@type\":\"ReadAction\",\"target\":[\"https:\/\/malersnekker.no\/blogg\/\"]}]},{\"@type\":\"ImageObject\",\"inLanguage\":\"en-US\",\"@id\":\"https:\/\/malersnekker.no\/blogg\/#primaryimage\",\"url\":\"https:\/\/malersnekker.no\/wp-content\/uploads\/2025\/12\/IMG_8834.jpg\",\"contentUrl\":\"https:\/\/malersnekker.no\/wp-content\/uploads\/2025\/12\/IMG_8834.jpg\"},{\"@type\":\"BreadcrumbList\",\"@id\":\"https:\/\/malersnekker.no\/blogg\/#breadcrumb\",\"itemListElement\":[{\"@type\":\"ListItem\",\"position\":1,\"name\":\"Home\",\"item\":\"https:\/\/malersnekker.no\/\"},{\"@type\":\"ListItem\",\"position\":2,\"name\":\"Blogg\"}]},{\"@type\":\"WebSite\",\"@id\":\"https:\/\/malersnekker.no\/#website\",\"url\":\"https:\/\/malersnekker.no\/\",\"name\":\"Malersnekker.no\",\"description\":\"Profesjonelt h\u00e5ndverk - varig kvalitet\",\"publisher\":{\"@id\":\"https:\/\/malersnekker.no\/#organization\"},\"potentialAction\":[{\"@type\":\"SearchAction\",\"target\":{\"@type\":\"EntryPoint\",\"urlTemplate\":\"https:\/\/malersnekker.no\/?s={search_term_string}\"},\"query-input\":{\"@type\":\"PropertyValueSpecification\",\"valueRequired\":true,\"valueName\":\"search_term_string\"}}],\"inLanguage\":\"en-US\"},{\"@type\":\"Organization\",\"@id\":\"https:\/\/malersnekker.no\/#organization\",\"name\":\"Malersnekker.no\",\"url\":\"https:\/\/malersnekker.no\/\",\"logo\":{\"@type\":\"ImageObject\",\"inLanguage\":\"en-US\",\"@id\":\"https:\/\/malersnekker.no\/#\/schema\/logo\/image\/\",\"url\":\"https:\/\/malersnekker.no\/wp-content\/uploads\/2026\/01\/Nordika-logo.png\",\"contentUrl\":\"https:\/\/malersnekker.no\/wp-content\/uploads\/2026\/01\/Nordika-logo.png\",\"width\":1024,\"height\":1024,\"caption\":\"Malersnekker.no\"},\"image\":{\"@id\":\"https:\/\/malersnekker.no\/#\/schema\/logo\/image\/\"}}]}<\/script>\n<!-- \/ Yoast SEO plugin. -->","yoast_head_json":{"title":"Blogg \u2013 Tips om oppussing og maling | Nordika AS","description":"Lurer du p\u00e5 maling eller oppussing? Nordika AS deler gode tips og r\u00e5d om v\u00e5re prosjekter. Les mer og bli inspirert her.","robots":{"index":"index","follow":"follow","max-snippet":"max-snippet:-1","max-image-preview":"max-image-preview:large","max-video-preview":"max-video-preview:-1"},"canonical":"https:\/\/malersnekker.no\/en\/blogg\/","og_locale":"en_US","og_type":"article","og_title":"Blogg \u2013 Tips om oppussing og maling | Nordika AS","og_description":"Lurer du p\u00e5 maling eller oppussing? Nordika AS deler gode tips og r\u00e5d om v\u00e5re prosjekter. Les mer og bli inspirert her.","og_url":"https:\/\/malersnekker.no\/en\/blogg\/","og_site_name":"Malersnekker.no","article_modified_time":"2026-02-12T22:36:25+00:00","og_image":[{"url":"https:\/\/malersnekker.no\/wp-content\/uploads\/2025\/12\/IMG_8834.jpg","type":"","width":"","height":""}],"twitter_card":"summary_large_image","twitter_misc":{"Est. reading time":"2 minutes"},"schema":{"@context":"https:\/\/schema.org","@graph":[{"@type":"WebPage","@id":"https:\/\/malersnekker.no\/blogg\/","url":"https:\/\/malersnekker.no\/blogg\/","name":"Blogg \u2013 Tips om oppussing og maling | Nordika AS","isPartOf":{"@id":"https:\/\/malersnekker.no\/#website"},"primaryImageOfPage":{"@id":"https:\/\/malersnekker.no\/blogg\/#primaryimage"},"image":{"@id":"https:\/\/malersnekker.no\/blogg\/#primaryimage"},"thumbnailUrl":"https:\/\/malersnekker.no\/wp-content\/uploads\/2025\/12\/IMG_8834.jpg","datePublished":"2025-12-08T15:18:27+00:00","dateModified":"2026-02-12T22:36:25+00:00","description":"Lurer du p\u00e5 maling eller oppussing? Nordika AS deler gode tips og r\u00e5d om v\u00e5re prosjekter. Les mer og bli inspirert her.","breadcrumb":{"@id":"https:\/\/malersnekker.no\/blogg\/#breadcrumb"},"inLanguage":"en-US","potentialAction":[{"@type":"ReadAction","target":["https:\/\/malersnekker.no\/blogg\/"]}]},{"@type":"ImageObject","inLanguage":"en-US","@id":"https:\/\/malersnekker.no\/blogg\/#primaryimage","url":"https:\/\/malersnekker.no\/wp-content\/uploads\/2025\/12\/IMG_8834.jpg","contentUrl":"https:\/\/malersnekker.no\/wp-content\/uploads\/2025\/12\/IMG_8834.jpg"},{"@type":"BreadcrumbList","@id":"https:\/\/malersnekker.no\/blogg\/#breadcrumb","itemListElement":[{"@type":"ListItem","position":1,"name":"Home","item":"https:\/\/malersnekker.no\/"},{"@type":"ListItem","position":2,"name":"Blogg"}]},{"@type":"WebSite","@id":"https:\/\/malersnekker.no\/#website","url":"https:\/\/malersnekker.no\/","name":"Malersnekker.no","description":"Professional craftsmanship - lasting quality","publisher":{"@id":"https:\/\/malersnekker.no\/#organization"},"potentialAction":[{"@type":"SearchAction","target":{"@type":"EntryPoint","urlTemplate":"https:\/\/malersnekker.no\/?s={search_term_string}"},"query-input":{"@type":"PropertyValueSpecification","valueRequired":true,"valueName":"search_term_string"}}],"inLanguage":"en-US"},{"@type":"Organization","@id":"https:\/\/malersnekker.no\/#organization","name":"Malersnekker.no","url":"https:\/\/malersnekker.no\/","logo":{"@type":"ImageObject","inLanguage":"en-US","@id":"https:\/\/malersnekker.no\/#\/schema\/logo\/image\/","url":"https:\/\/malersnekker.no\/wp-content\/uploads\/2026\/01\/Nordika-logo.png","contentUrl":"https:\/\/malersnekker.no\/wp-content\/uploads\/2026\/01\/Nordika-logo.png","width":1024,"height":1024,"caption":"Malersnekker.no"},"image":{"@id":"https:\/\/malersnekker.no\/#\/schema\/logo\/image\/"}}]}},"_hostinger_reach_plugin_has_subscription_block":false,"_hostinger_reach_plugin_is_elementor":false,"_links":{"self":[{"href":"https:\/\/malersnekker.no\/en\/wp-json\/wp\/v2\/pages\/3752","targetHints":{"allow":["GET"]}}],"collection":[{"href":"https:\/\/malersnekker.no\/en\/wp-json\/wp\/v2\/pages"}],"about":[{"href":"https:\/\/malersnekker.no\/en\/wp-json\/wp\/v2\/types\/page"}],"author":[{"embeddable":true,"href":"https:\/\/malersnekker.no\/en\/wp-json\/wp\/v2\/users\/1"}],"replies":[{"embeddable":true,"href":"https:\/\/malersnekker.no\/en\/wp-json\/wp\/v2\/comments?post=3752"}],"version-history":[{"count":8,"href":"https:\/\/malersnekker.no\/en\/wp-json\/wp\/v2\/pages\/3752\/revisions"}],"predecessor-version":[{"id":4048,"href":"https:\/\/malersnekker.no\/en\/wp-json\/wp\/v2\/pages\/3752\/revisions\/4048"}],"wp:attachment":[{"href":"https:\/\/malersnekker.no\/en\/wp-json\/wp\/v2\/media?parent=3752"}],"curies":[{"name":"wp","href":"https:\/\/api.w.org\/{rel}","templated":true}]}}